{"id":5432,"date":"2020-02-27T17:26:23","date_gmt":"2020-02-27T17:26:23","guid":{"rendered":"https:\/\/normacell.ch\/?page_id=5432"},"modified":"2024-11-19T13:44:51","modified_gmt":"2024-11-19T13:44:51","slug":"produkte","status":"publish","type":"page","link":"https:\/\/normacell.com\/de\/produkte\/","title":{"rendered":"Produkte"},"content":{"rendered":"<!--themify_builder_content-->\n<div id=\"themify_builder_content-5432\" data-postid=\"5432\" class=\"themify_builder_content themify_builder_content-5432 themify_builder tf_clear\">\n                    <div  data-css_id=\"z38s603\" data-lazy=\"1\" class=\"module_row themify_builder_row fullwidth tb_z38s603 tb_first tf_w\">\n                        <div class=\"row_inner col_align_top tb_col_count_1 tf_box tf_rel\">\n                        <div  data-lazy=\"1\" class=\"module_column tb-column col-full tb_ouny606 first\">\n                    <!-- module text -->\n<div  class=\"module module-text tb_vf0v191   \" data-lazy=\"1\">\n        <div  class=\"tb_text_wrap\">\n        <h4>NORMACELL unterst\u00fctzt wesentlich das Immunsystem, f\u00f6rdert Anti-Aging und das Wohlbefinden<\/h4>    <\/div>\n<\/div>\n<!-- \/module text --><!-- module image -->\n<div  class=\"module module-image tb_zmnz966 image-top   tf_mw hide-tablet hide-tablet_landscape hide-mobile\" data-lazy=\"1\">\n        <div class=\"image-wrap tf_rel tf_mw\">\n            <img loading=\"lazy\" decoding=\"async\" src=\"https:\/\/normacell.com\/wp\/wp-content\/uploads\/normacell-16.png\" width=\"1600\" height=\"15\" title=\"Produkte\" alt=\"Produkte\">    \n        <\/div>\n    <!-- \/image-wrap -->\n    \n        <\/div>\n<!-- \/module image --><!-- module image -->\n<div  class=\"module module-image tb_vnfz471 image-top   tf_mw hide-desktop\" data-lazy=\"1\">\n        <div class=\"image-wrap tf_rel tf_mw\">\n            <img loading=\"lazy\" decoding=\"async\" src=\"https:\/\/normacell.com\/wp\/wp-content\/uploads\/normacell-16-mobile.png\" width=\"375\" height=\"15\" title=\"Produkte\" alt=\"Produkte\">    \n        <\/div>\n    <!-- \/image-wrap -->\n    \n        <\/div>\n<!-- \/module image -->        <\/div>\n                        <\/div>\n        <\/div>\n                        <div  data-lazy=\"1\" class=\"module_row themify_builder_row tb_gpw7603 tf_w\">\n                        <div class=\"row_inner col_align_top tb_col_count_1 tf_box tf_rel\">\n                        <div  data-lazy=\"1\" class=\"module_column tb-column col-full tb_crwq608 first\">\n                    <!-- module image -->\n<div  class=\"module module-image tb_kejp608 image-top   tf_mw\" data-lazy=\"1\">\n        <div class=\"image-wrap tf_rel tf_mw\">\n            <img loading=\"lazy\" decoding=\"async\" width=\"2551\" height=\"1245\" src=\"https:\/\/normacell.com\/de\/wp-content\/uploads\/normacell-de.png\" class=\"wp-post-image wp-image-5328\" title=\"normacell-de\" alt=\"normacell-de\" srcset=\"https:\/\/normacell.com\/de\/wp-content\/uploads\/normacell-de.png 2551w, https:\/\/normacell.com\/de\/wp-content\/uploads\/normacell-de-150x73.png 150w, https:\/\/normacell.com\/de\/wp-content\/uploads\/normacell-de-300x146.png 300w, https:\/\/normacell.com\/de\/wp-content\/uploads\/normacell-de-768x375.png 768w, https:\/\/normacell.com\/de\/wp-content\/uploads\/normacell-de-1024x500.png 1024w, https:\/\/normacell.com\/de\/wp-content\/uploads\/normacell-de-600x293.png 600w\" sizes=\"auto, (max-width: 2551px) 100vw, 2551px\" \/>    \n        <\/div>\n    <!-- \/image-wrap -->\n    \n        <\/div>\n<!-- \/module image --><!-- module text -->\n<div  class=\"module module-text tb_euzj608   \" data-lazy=\"1\">\n        <div  class=\"tb_text_wrap\">\n        <p>NORMACELL ist ein in der EU und der Schweiz registriertes Nahrungserg\u00e4nzungsmittel.<\/p>\n<p>Die Peptide in NORMACELL sind nat\u00fcrlichen Ursprungs und k\u00f6nnen das Immunsystem auf nat\u00fcrliche Weise unterst\u00fctzen, da sie Peptiden in der Milz (dem gr\u00f6\u00dften Organ des Lymphsystems) des menschlichen K\u00f6rpers \u00e4hnlich sind. Somit unterst\u00fctzen sie die nat\u00fcrliche Schutz-, Regulations- und Reparaturfunktion des Immunsystems. <strong>Dies ist ein sehr wichtiges Merkmal von NORMACELL, das es von anderen Immunmodulatoren unterscheidet.<\/strong><\/p>\n    <\/div>\n<\/div>\n<!-- \/module text -->        <\/div>\n                        <\/div>\n        <\/div>\n                        <div  data-lazy=\"1\" class=\"module_row themify_builder_row tb_0hcb603 tf_w\">\n                        <div class=\"row_inner col_align_top tb_col_count_1 tf_box tf_rel\">\n                        <div  data-lazy=\"1\" class=\"module_column tb-column col-full tb_19mm609 first\">\n                    <!-- module divider -->\n<div  class=\"module tf_mw module-divider tb_ctbo609 solid   \" style=\"border-width: 0px;margin-top: 10px;margin-bottom: 10px;\" data-lazy=\"1\">\n    <\/div>\n<!-- \/module divider -->\n        <\/div>\n                        <\/div>\n        <\/div>\n                        <div  data-anchor=\"kak\" data-lazy=\"1\" class=\"module_row themify_builder_row tb_has_section tb_section-kak tb_777s603 tf_w\">\n                        <div class=\"row_inner col_align_top gutter-narrow tb_col_count_2 tf_box tf_rel\">\n                        <div  data-lazy=\"1\" class=\"module_column tb-column col4-2 tb_bahg610 first\">\n                    <!-- module text -->\n<div  class=\"module module-text tb_xfrp610   \" data-lazy=\"1\">\n        <div  class=\"tb_text_wrap\">\n        <p><strong>Was sind Peptide?<\/strong><br \/>Jedes Organ und System im menschlichen K\u00f6rper ben\u00f6tigt spezifische Peptide, die f\u00fcr die Steuerung der Zellfunktionen verantwortlich sind. Peptide steuern alle Prozesse, vom Immunsystem bis zu Emotionen. Peptide in der Milz spielen eine besondere Rolle: Sie sind universelle chemische \u00dcbermittler von \u201eBotschaften\u201c, die die Zellen des Immunsystems steuern, regulieren und stabilisieren und so dessen Schutzfunktion erh\u00f6hen. Diese Peptide sind ein wesentlicher Bestandteil der normalen Funktion des Immunsystems und werden als Zytokine bezeichnet.<\/p>\n<p>Zytokine werden von den wei\u00dfen Blutk\u00f6rperchen und von Gewebezellen freigesetzt. Den Zytokinen k\u00f6nnen kleine Proteine oder biologische Faktoren wie Interleukine, Chemokine, Lymphokine, Interferone usw. zugeordnet werden.<\/p>\n<p>Mehrere Studien belegen, dass Peptide aus der Milz von S\u00e4ugetieren in Form von Kapseln mit Glykoproteinen aus Retikuloendothelzellen die Funktion des Immunsystems unterst\u00fctzen und den Mangel an Immunfaktoren (Zytokinen) verringern.<\/p>\n    <\/div>\n<\/div>\n<!-- \/module text --><!-- module text -->\n<div  class=\"module module-text tb_yiq3610   \" data-lazy=\"1\">\n        <div  class=\"tb_text_wrap\">\n        <p><strong>Wie helfen die Peptide in NORMACELL?<\/strong><br \/>Die Peptide in NORMACELL tragen dazu bei, die Symptome einer Immunschw\u00e4che zu verringern, die Immunantwort wiederherzustellen und die H\u00e4ufigkeit und Schwere der mit der Immunschw\u00e4che einhergehenden Komplikationen zu verringern.<\/p>\n<p>Die Antioxidansaktivit\u00e4t von Zytokinen sorgt f\u00fcr eine Anti-Aging-Wirkung.<\/p>\n    <\/div>\n<\/div>\n<!-- \/module text --><!-- module text -->\n<div  class=\"module module-text tb_ou8l610   \" data-lazy=\"1\">\n        <div  class=\"tb_text_wrap\">\n        <p><strong>Wie ist die Zusammensetzung von NORMACELL?<\/strong><br \/>NORMACELL ist ein Nahrungserg\u00e4nzungsmittel aus nat\u00fcrlichen Produkten. Es stimuliert die Wiederherstellung des Gleichgewichts und der Stabilit\u00e4t des Immunsystems.<br \/>Eine Kapsel enth\u00e4lt 100 mg enzymatisch abgebaute Peptide aus Schweinemilzprotein und 5,5 \u00b5g Selen.<\/p>\n<p>Die Kapseln enthalten au\u00dferdem Zitronenfasern, mittelkettige pflanzliche Triglyceride und die Kapselh\u00fclle besteht aus Gelatine und Titandioxid.<\/p>\n<p>NORMACELL enth\u00e4lt keine potenziell allergenen Peptide. NORMACELL wird in Deutschland nach der Norm ISO 9001-2000 hergestellt.<\/p>\n    <\/div>\n<\/div>\n<!-- \/module text -->        <\/div>\n                    <div  data-lazy=\"1\" class=\"module_column tb-column col4-2 tb_1mi4611 last\">\n                    <!-- module text -->\n<div  class=\"module module-text tb_c4l2611   \" data-lazy=\"1\">\n        <div  class=\"tb_text_wrap\">\n        <p><strong>Was bewirken Glycopeptide?<\/strong><br \/>Bei Verabreichung solcher Glycopeptide steigt die Gesamtzahl der Blutzellen und Lymphozyten sowie von Interleukin 2 und 3 und Interferon Gamma (INF-\u03b3). Diese und \u00e4hnliche Interleukine aktivieren CD4-Zellen des zellul\u00e4ren Arms der Immunantwort. Sie stimulieren das Wachstum und die Differenzierung von T-Zellen, modulieren die Zytotoxizit\u00e4t von T-Lymphozyten und nat\u00fcrlichen Killerzellen und erh\u00f6hen die Anziehungskraft von Makrophagen auf ein bestimmtes Antigen.<\/p>\n<p>&nbsp;<\/p>\n    <\/div>\n<\/div>\n<!-- \/module text --><!-- module text -->\n<div  class=\"module module-text tb_e182106   \" data-lazy=\"1\">\n        <div  class=\"tb_text_wrap\">\n        <p><strong>Wie nehme ich NORMACELL ein?<\/strong><br \/>NORMACELL sollte als eine bis drei Kapseln pro Tag oral mit viel Wasser eingenommen werden. Die Verpackung enth\u00e4lt 90 Kapseln oder 30 Kapseln.<\/p>\n<p><strong>Lagerung: <\/strong> An einem trockenen Ort unter 25 \u00b0C lagern. Bei \u00dcberempfindlichkeit gegen eine der Komponenten nicht einnehmen.<\/p>\n<p><strong>Gegenanzeigen: <\/strong> NORMACELL darf nicht an schwangere Frauen und Kinder unter 12 Jahren verabreicht werden.<\/p>\n<p>Achtung:  Dieses Produkt ist kein Arzneimittel. Dieses Produkt ist kein Ersatz f\u00fcr eine ausgewogene Ern\u00e4hrung oder Medikamente, die von Ihrem Arzt verschrieben werden. Au\u00dferhalb der Reichweite von kleinen Kindern aufbewahren. Wird als Nahrungserg\u00e4nzungsmittel angezeigt. \u00dcberschreiten Sie nicht die vorgeschriebene Tagesdosis. Bei Fragen wenden Sie sich bitte an Ihren Arzt.<\/p>\n    <\/div>\n<\/div>\n<!-- \/module text -->        <\/div>\n                        <\/div>\n        <\/div>\n                        <div  data-lazy=\"1\" class=\"module_row themify_builder_row tb_b7x8746 tf_w\">\n                        <div class=\"row_inner col_align_top tb_col_count_1 tf_box tf_rel\">\n                        <div  data-lazy=\"1\" class=\"module_column tb-column col-full tb_9b0p746 first\">\n                    <!-- module buttons -->\n<div  class=\"module module-buttons tb_nwky880 buttons-horizontal solid  large\" data-lazy=\"1\">\n        <div class=\"module-buttons-item tf_in_flx\">\n                        <a href=\"https:\/\/normacell.com\/de\/\" class=\"ui builder_button tf_in_flx red\" >\n                                                Button Text                                        <\/a>\n                <\/div>\n            <\/div>\n<!-- \/module buttons -->\n        <\/div>\n                        <\/div>\n        <\/div>\n        <\/div>\n<!--\/themify_builder_content-->","protected":false},"excerpt":{"rendered":"<p>NORMACELL unterst\u00fctzt wesentlich das Immunsystem, f\u00f6rdert Anti-Aging und das Wohlbefinden<\/p>\n","protected":false},"author":5,"featured_media":0,"parent":0,"menu_order":0,"comment_status":"closed","ping_status":"closed","template":"","meta":{"footnotes":""},"class_list":["post-5432","page","type-page","status-publish","hentry","has-post-title","has-post-date","has-post-category","has-post-tag","has-post-comment","has-post-author",""],"yoast_head":"<!-- This site is optimized with the Yoast SEO plugin v27.4 - https:\/\/yoast.com\/product\/yoast-seo-wordpress\/ -->\n<title>Produkte &#8226; NORMACELL<\/title>\n<meta name=\"robots\" content=\"index, follow, max-snippet:-1, max-image-preview:large, max-video-preview:-1\" \/>\n<link rel=\"canonical\" href=\"https:\/\/normacell.com\/de\/produkte\/\" \/>\n<meta property=\"og:locale\" content=\"de_DE\" \/>\n<meta property=\"og:type\" content=\"article\" \/>\n<meta property=\"og:title\" content=\"Produkte &#8226; NORMACELL\" \/>\n<meta property=\"og:description\" content=\"NORMACELL unterst\u00fctzt wesentlich das Immunsystem, f\u00f6rdert Anti-Aging und das Wohlbefinden\" \/>\n<meta property=\"og:url\" content=\"https:\/\/normacell.com\/de\/produkte\/\" \/>\n<meta property=\"og:site_name\" content=\"NORMACELL\" \/>\n<meta property=\"article:modified_time\" content=\"2024-11-19T13:44:51+00:00\" \/>\n<meta property=\"og:image\" content=\"https:\/\/normacell.com\/wp\/wp-content\/uploads\/normacell-16.png\" \/>\n<meta name=\"twitter:card\" content=\"summary_large_image\" \/>\n<meta name=\"twitter:label1\" content=\"Gesch\u00e4tzte Lesezeit\" \/>\n\t<meta name=\"twitter:data1\" content=\"7\u00a0Minuten\" \/>\n<script type=\"application\/ld+json\" class=\"yoast-schema-graph\">{\"@context\":\"https:\\\/\\\/schema.org\",\"@graph\":[{\"@type\":\"WebPage\",\"@id\":\"https:\\\/\\\/normacell.com\\\/de\\\/produkte\\\/\",\"url\":\"https:\\\/\\\/normacell.com\\\/de\\\/produkte\\\/\",\"name\":\"Produkte &#8226; NORMACELL\",\"isPartOf\":{\"@id\":\"https:\\\/\\\/normacell.com\\\/de\\\/#website\"},\"primaryImageOfPage\":{\"@id\":\"https:\\\/\\\/normacell.com\\\/de\\\/produkte\\\/#primaryimage\"},\"image\":{\"@id\":\"https:\\\/\\\/normacell.com\\\/de\\\/produkte\\\/#primaryimage\"},\"thumbnailUrl\":\"https:\\\/\\\/normacell.com\\\/wp\\\/wp-content\\\/uploads\\\/normacell-16.png\",\"datePublished\":\"2020-02-27T17:26:23+00:00\",\"dateModified\":\"2024-11-19T13:44:51+00:00\",\"breadcrumb\":{\"@id\":\"https:\\\/\\\/normacell.com\\\/de\\\/produkte\\\/#breadcrumb\"},\"inLanguage\":\"de\",\"potentialAction\":[{\"@type\":\"ReadAction\",\"target\":[\"https:\\\/\\\/normacell.com\\\/de\\\/produkte\\\/\"]}]},{\"@type\":\"ImageObject\",\"inLanguage\":\"de\",\"@id\":\"https:\\\/\\\/normacell.com\\\/de\\\/produkte\\\/#primaryimage\",\"url\":\"https:\\\/\\\/normacell.com\\\/wp\\\/wp-content\\\/uploads\\\/normacell-16.png\",\"contentUrl\":\"https:\\\/\\\/normacell.com\\\/wp\\\/wp-content\\\/uploads\\\/normacell-16.png\"},{\"@type\":\"BreadcrumbList\",\"@id\":\"https:\\\/\\\/normacell.com\\\/de\\\/produkte\\\/#breadcrumb\",\"itemListElement\":[{\"@type\":\"ListItem\",\"position\":1,\"name\":\"Home\",\"item\":\"https:\\\/\\\/normacell.com\\\/de\\\/\"},{\"@type\":\"ListItem\",\"position\":2,\"name\":\"Produkte\"}]},{\"@type\":\"WebSite\",\"@id\":\"https:\\\/\\\/normacell.com\\\/de\\\/#website\",\"url\":\"https:\\\/\\\/normacell.com\\\/de\\\/\",\"name\":\"NORMACELL\",\"description\":\"\",\"potentialAction\":[{\"@type\":\"SearchAction\",\"target\":{\"@type\":\"EntryPoint\",\"urlTemplate\":\"https:\\\/\\\/normacell.com\\\/de\\\/?s={search_term_string}\"},\"query-input\":{\"@type\":\"PropertyValueSpecification\",\"valueRequired\":true,\"valueName\":\"search_term_string\"}}],\"inLanguage\":\"de\"}]}<\/script>\n<!-- \/ Yoast SEO plugin. -->","yoast_head_json":{"title":"Produkte &#8226; NORMACELL","robots":{"index":"index","follow":"follow","max-snippet":"max-snippet:-1","max-image-preview":"max-image-preview:large","max-video-preview":"max-video-preview:-1"},"canonical":"https:\/\/normacell.com\/de\/produkte\/","og_locale":"de_DE","og_type":"article","og_title":"Produkte &#8226; NORMACELL","og_description":"NORMACELL unterst\u00fctzt wesentlich das Immunsystem, f\u00f6rdert Anti-Aging und das Wohlbefinden","og_url":"https:\/\/normacell.com\/de\/produkte\/","og_site_name":"NORMACELL","article_modified_time":"2024-11-19T13:44:51+00:00","og_image":[{"url":"https:\/\/normacell.com\/wp\/wp-content\/uploads\/normacell-16.png","type":"","width":"","height":""}],"twitter_card":"summary_large_image","twitter_misc":{"Gesch\u00e4tzte Lesezeit":"7\u00a0Minuten"},"schema":{"@context":"https:\/\/schema.org","@graph":[{"@type":"WebPage","@id":"https:\/\/normacell.com\/de\/produkte\/","url":"https:\/\/normacell.com\/de\/produkte\/","name":"Produkte &#8226; NORMACELL","isPartOf":{"@id":"https:\/\/normacell.com\/de\/#website"},"primaryImageOfPage":{"@id":"https:\/\/normacell.com\/de\/produkte\/#primaryimage"},"image":{"@id":"https:\/\/normacell.com\/de\/produkte\/#primaryimage"},"thumbnailUrl":"https:\/\/normacell.com\/wp\/wp-content\/uploads\/normacell-16.png","datePublished":"2020-02-27T17:26:23+00:00","dateModified":"2024-11-19T13:44:51+00:00","breadcrumb":{"@id":"https:\/\/normacell.com\/de\/produkte\/#breadcrumb"},"inLanguage":"de","potentialAction":[{"@type":"ReadAction","target":["https:\/\/normacell.com\/de\/produkte\/"]}]},{"@type":"ImageObject","inLanguage":"de","@id":"https:\/\/normacell.com\/de\/produkte\/#primaryimage","url":"https:\/\/normacell.com\/wp\/wp-content\/uploads\/normacell-16.png","contentUrl":"https:\/\/normacell.com\/wp\/wp-content\/uploads\/normacell-16.png"},{"@type":"BreadcrumbList","@id":"https:\/\/normacell.com\/de\/produkte\/#breadcrumb","itemListElement":[{"@type":"ListItem","position":1,"name":"Home","item":"https:\/\/normacell.com\/de\/"},{"@type":"ListItem","position":2,"name":"Produkte"}]},{"@type":"WebSite","@id":"https:\/\/normacell.com\/de\/#website","url":"https:\/\/normacell.com\/de\/","name":"NORMACELL","description":"","potentialAction":[{"@type":"SearchAction","target":{"@type":"EntryPoint","urlTemplate":"https:\/\/normacell.com\/de\/?s={search_term_string}"},"query-input":{"@type":"PropertyValueSpecification","valueRequired":true,"valueName":"search_term_string"}}],"inLanguage":"de"}]}},"builder_content":"<h4>NORMACELL unterst\u00fctzt wesentlich das Immunsystem, f\u00f6rdert Anti-Aging und das Wohlbefinden<\/h4>\n<img src=\"https:\/\/normacell.com\/wp\/wp-content\/uploads\/normacell-16.png\" width=\"1600\" height=\"15\" title=\"Produkte\" alt=\"Produkte\">\n<img src=\"https:\/\/normacell.com\/wp\/wp-content\/uploads\/normacell-16-mobile.png\" width=\"375\" height=\"15\" title=\"Produkte\" alt=\"Produkte\">\n<img src=\"https:\/\/normacell.com\/de\/wp-content\/uploads\/normacell-de.png\" title=\"normacell-de\" alt=\"normacell-de\" srcset=\"https:\/\/normacell.com\/de\/wp-content\/uploads\/normacell-de.png 2551w, https:\/\/normacell.com\/de\/wp-content\/uploads\/normacell-de-150x73.png 150w, https:\/\/normacell.com\/de\/wp-content\/uploads\/normacell-de-300x146.png 300w, https:\/\/normacell.com\/de\/wp-content\/uploads\/normacell-de-768x375.png 768w, https:\/\/normacell.com\/de\/wp-content\/uploads\/normacell-de-1024x500.png 1024w, https:\/\/normacell.com\/de\/wp-content\/uploads\/normacell-de-600x293.png 600w\" sizes=\"(max-width: 2551px) 100vw, 2551px\" \/>\n<p>NORMACELL ist ein in der EU und der Schweiz registriertes Nahrungserg\u00e4nzungsmittel.<\/p> <p>Die Peptide in NORMACELL sind nat\u00fcrlichen Ursprungs und k\u00f6nnen das Immunsystem auf nat\u00fcrliche Weise unterst\u00fctzen, da sie Peptiden in der Milz (dem gr\u00f6\u00dften Organ des Lymphsystems) des menschlichen K\u00f6rpers \u00e4hnlich sind. Somit unterst\u00fctzen sie die nat\u00fcrliche Schutz-, Regulations- und Reparaturfunktion des Immunsystems. <strong>Dies ist ein sehr wichtiges Merkmal von NORMACELL, das es von anderen Immunmodulatoren unterscheidet.<\/strong><\/p>\n\n<p><strong>Was sind Peptide?<\/strong><br \/>Jedes Organ und System im menschlichen K\u00f6rper ben\u00f6tigt spezifische Peptide, die f\u00fcr die Steuerung der Zellfunktionen verantwortlich sind. Peptide steuern alle Prozesse, vom Immunsystem bis zu Emotionen. Peptide in der Milz spielen eine besondere Rolle: Sie sind universelle chemische \u00dcbermittler von \u201eBotschaften\u201c, die die Zellen des Immunsystems steuern, regulieren und stabilisieren und so dessen Schutzfunktion erh\u00f6hen. Diese Peptide sind ein wesentlicher Bestandteil der normalen Funktion des Immunsystems und werden als Zytokine bezeichnet.<\/p> <p>Zytokine werden von den wei\u00dfen Blutk\u00f6rperchen und von Gewebezellen freigesetzt. Den Zytokinen k\u00f6nnen kleine Proteine oder biologische Faktoren wie Interleukine, Chemokine, Lymphokine, Interferone usw. zugeordnet werden.<\/p> <p>Mehrere Studien belegen, dass Peptide aus der Milz von S\u00e4ugetieren in Form von Kapseln mit Glykoproteinen aus Retikuloendothelzellen die Funktion des Immunsystems unterst\u00fctzen und den Mangel an Immunfaktoren (Zytokinen) verringern.<\/p>\n<p><strong>Wie helfen die Peptide in NORMACELL?<\/strong><br \/>Die Peptide in NORMACELL tragen dazu bei, die Symptome einer Immunschw\u00e4che zu verringern, die Immunantwort wiederherzustellen und die H\u00e4ufigkeit und Schwere der mit der Immunschw\u00e4che einhergehenden Komplikationen zu verringern.<\/p> <p>Die Antioxidansaktivit\u00e4t von Zytokinen sorgt f\u00fcr eine Anti-Aging-Wirkung.<\/p>\n<p><strong>Wie ist die Zusammensetzung von NORMACELL?<\/strong><br \/>NORMACELL ist ein Nahrungserg\u00e4nzungsmittel aus nat\u00fcrlichen Produkten. Es stimuliert die Wiederherstellung des Gleichgewichts und der Stabilit\u00e4t des Immunsystems.<br \/>Eine Kapsel enth\u00e4lt 100 mg enzymatisch abgebaute Peptide aus Schweinemilzprotein und 5,5 \u00b5g Selen.<\/p> <p>Die Kapseln enthalten au\u00dferdem Zitronenfasern, mittelkettige pflanzliche Triglyceride und die Kapselh\u00fclle besteht aus Gelatine und Titandioxid.<\/p> <p>NORMACELL enth\u00e4lt keine potenziell allergenen Peptide. NORMACELL wird in Deutschland nach der Norm ISO 9001-2000 hergestellt.<\/p>\n<p><strong>Was bewirken Glycopeptide?<\/strong><br \/>Bei Verabreichung solcher Glycopeptide steigt die Gesamtzahl der Blutzellen und Lymphozyten sowie von Interleukin 2 und 3 und Interferon Gamma (INF-\u03b3). Diese und \u00e4hnliche Interleukine aktivieren CD4-Zellen des zellul\u00e4ren Arms der Immunantwort. Sie stimulieren das Wachstum und die Differenzierung von T-Zellen, modulieren die Zytotoxizit\u00e4t von T-Lymphozyten und nat\u00fcrlichen Killerzellen und erh\u00f6hen die Anziehungskraft von Makrophagen auf ein bestimmtes Antigen.<\/p> <p>&nbsp;<\/p>\n<p><strong>Wie nehme ich NORMACELL ein?<\/strong><br \/>NORMACELL sollte als eine bis drei Kapseln pro Tag oral mit viel Wasser eingenommen werden. Die Verpackung enth\u00e4lt 90 Kapseln oder 30 Kapseln.<\/p> <p><strong>Lagerung: <\/strong> An einem trockenen Ort unter 25 \u00b0C lagern. Bei \u00dcberempfindlichkeit gegen eine der Komponenten nicht einnehmen.<\/p> <p><strong>Gegenanzeigen: <\/strong> NORMACELL darf nicht an schwangere Frauen und Kinder unter 12 Jahren verabreicht werden.<\/p> <p>Achtung: Dieses Produkt ist kein Arzneimittel. Dieses Produkt ist kein Ersatz f\u00fcr eine ausgewogene Ern\u00e4hrung oder Medikamente, die von Ihrem Arzt verschrieben werden. Au\u00dferhalb der Reichweite von kleinen Kindern aufbewahren. Wird als Nahrungserg\u00e4nzungsmittel angezeigt. \u00dcberschreiten Sie nicht die vorgeschriebene Tagesdosis. Bei Fragen wenden Sie sich bitte an Ihren Arzt.<\/p>\n<a href=\"https:\/\/normacell.com\/de\/\" > Button Text <\/a>","_links":{"self":[{"href":"https:\/\/normacell.com\/de\/wp-json\/wp\/v2\/pages\/5432","targetHints":{"allow":["GET"]}}],"collection":[{"href":"https:\/\/normacell.com\/de\/wp-json\/wp\/v2\/pages"}],"about":[{"href":"https:\/\/normacell.com\/de\/wp-json\/wp\/v2\/types\/page"}],"author":[{"embeddable":true,"href":"https:\/\/normacell.com\/de\/wp-json\/wp\/v2\/users\/5"}],"replies":[{"embeddable":true,"href":"https:\/\/normacell.com\/de\/wp-json\/wp\/v2\/comments?post=5432"}],"version-history":[{"count":5,"href":"https:\/\/normacell.com\/de\/wp-json\/wp\/v2\/pages\/5432\/revisions"}],"predecessor-version":[{"id":5690,"href":"https:\/\/normacell.com\/de\/wp-json\/wp\/v2\/pages\/5432\/revisions\/5690"}],"wp:attachment":[{"href":"https:\/\/normacell.com\/de\/wp-json\/wp\/v2\/media?parent=5432"}],"curies":[{"name":"wp","href":"https:\/\/api.w.org\/{rel}","templated":true}]}}