{"id":5280,"date":"2018-11-19T13:44:06","date_gmt":"2018-11-19T13:44:06","guid":{"rendered":"https:\/\/normacell.ch\/?page_id=5280"},"modified":"2020-03-10T14:52:10","modified_gmt":"2020-03-10T14:52:10","slug":"impressum","status":"publish","type":"page","link":"https:\/\/normacell.com\/de\/impressum\/","title":{"rendered":"Impressum"},"content":{"rendered":"<p><\/p>\n<!--themify_builder_content-->\n<div id=\"themify_builder_content-5280\" data-postid=\"5280\" class=\"themify_builder_content themify_builder_content-5280 themify_builder tf_clear\">\n                    <div  data-lazy=\"1\" class=\"module_row themify_builder_row tb_c7db5df tb_first tf_w\">\n                        <div class=\"row_inner col_align_top tb_col_count_1 tf_box tf_rel\">\n                        <div  data-lazy=\"1\" class=\"module_column tb-column col-full tb_12b607f first\">\n                    <!-- module text -->\n<div  class=\"module module-text tb_a9mc796   \" data-lazy=\"1\">\n        <div  class=\"tb_text_wrap\">\n        <h2>Impressum<\/h2>\n    <\/div>\n<\/div>\n<!-- \/module text --><!-- module text -->\n<div  class=\"module module-text tb_071adc7  repeat \" data-lazy=\"1\">\n        <div  class=\"tb_text_wrap\">\n        <p>Vitalis Pharma GmbH<br \/>\nKappelistrasse 41<br \/>\nHerrliberg 8704<br \/>\nSwitzerland<br \/>\nCHE333.427.845<\/p>\n<p><strong>Haftungshinweis:<\/strong><br \/>\nTrotz sorgf\u00e4ltiger inhaltlicher Kontrolle \u00fcbernehmen wir keine Haftung f\u00fcr die Inhalte externer Links. F\u00fcr den Inhalt der verlinkten Seiten sind ausschlie\u00dflich deren Betreiber verantwortlich.<\/p>\n    <\/div>\n<\/div>\n<!-- \/module text -->        <\/div>\n                        <\/div>\n        <\/div>\n        <\/div>\n<!--\/themify_builder_content-->","protected":false},"excerpt":{"rendered":"<p>Vitalis Pharma GmbH Kappelistrasse 41 Herrliberg 8704 Switzerland CHE333.427.845 Haftungshinweis: Trotz sorgf\u00e4ltiger inhaltlicher Kontrolle \u00fcbernehmen wir keine Haftung f\u00fcr die Inhalte externer Links. F\u00fcr den Inhalt der verlinkten Seiten sind ausschlie\u00dflich deren Betreiber verantwortlich.<\/p>\n","protected":false},"author":5,"featured_media":0,"parent":0,"menu_order":0,"comment_status":"closed","ping_status":"closed","template":"","meta":{"footnotes":""},"class_list":["post-5280","page","type-page","status-publish","hentry","has-post-title","has-post-date","has-post-category","has-post-tag","has-post-comment","has-post-author",""],"yoast_head":"<!-- This site is optimized with the Yoast SEO plugin v27.4 - https:\/\/yoast.com\/product\/yoast-seo-wordpress\/ -->\n<title>Impressum &#8226; NORMACELL<\/title>\n<meta name=\"robots\" content=\"index, follow, max-snippet:-1, max-image-preview:large, max-video-preview:-1\" \/>\n<link rel=\"canonical\" href=\"https:\/\/normacell.com\/de\/impressum\/\" \/>\n<meta property=\"og:locale\" content=\"de_DE\" \/>\n<meta property=\"og:type\" content=\"article\" \/>\n<meta property=\"og:title\" content=\"Impressum &#8226; NORMACELL\" \/>\n<meta property=\"og:description\" content=\"Vitalis Pharma GmbH Kappelistrasse 41 Herrliberg 8704 Switzerland CHE333.427.845 Haftungshinweis: Trotz sorgf\u00e4ltiger inhaltlicher Kontrolle \u00fcbernehmen wir keine Haftung f\u00fcr die Inhalte externer Links. F\u00fcr den Inhalt der verlinkten Seiten sind ausschlie\u00dflich deren Betreiber verantwortlich.\" \/>\n<meta property=\"og:url\" content=\"https:\/\/normacell.com\/de\/impressum\/\" \/>\n<meta property=\"og:site_name\" content=\"NORMACELL\" \/>\n<meta property=\"article:modified_time\" content=\"2020-03-10T14:52:10+00:00\" \/>\n<meta name=\"twitter:card\" content=\"summary_large_image\" \/>\n<script type=\"application\/ld+json\" class=\"yoast-schema-graph\">{\"@context\":\"https:\\\/\\\/schema.org\",\"@graph\":[{\"@type\":\"WebPage\",\"@id\":\"https:\\\/\\\/normacell.com\\\/de\\\/impressum\\\/\",\"url\":\"https:\\\/\\\/normacell.com\\\/de\\\/impressum\\\/\",\"name\":\"Impressum &#8226; NORMACELL\",\"isPartOf\":{\"@id\":\"https:\\\/\\\/normacell.com\\\/de\\\/#website\"},\"datePublished\":\"2018-11-19T13:44:06+00:00\",\"dateModified\":\"2020-03-10T14:52:10+00:00\",\"breadcrumb\":{\"@id\":\"https:\\\/\\\/normacell.com\\\/de\\\/impressum\\\/#breadcrumb\"},\"inLanguage\":\"de\",\"potentialAction\":[{\"@type\":\"ReadAction\",\"target\":[\"https:\\\/\\\/normacell.com\\\/de\\\/impressum\\\/\"]}]},{\"@type\":\"BreadcrumbList\",\"@id\":\"https:\\\/\\\/normacell.com\\\/de\\\/impressum\\\/#breadcrumb\",\"itemListElement\":[{\"@type\":\"ListItem\",\"position\":1,\"name\":\"Home\",\"item\":\"https:\\\/\\\/normacell.com\\\/de\\\/\"},{\"@type\":\"ListItem\",\"position\":2,\"name\":\"Impressum\"}]},{\"@type\":\"WebSite\",\"@id\":\"https:\\\/\\\/normacell.com\\\/de\\\/#website\",\"url\":\"https:\\\/\\\/normacell.com\\\/de\\\/\",\"name\":\"NORMACELL\",\"description\":\"\",\"potentialAction\":[{\"@type\":\"SearchAction\",\"target\":{\"@type\":\"EntryPoint\",\"urlTemplate\":\"https:\\\/\\\/normacell.com\\\/de\\\/?s={search_term_string}\"},\"query-input\":{\"@type\":\"PropertyValueSpecification\",\"valueRequired\":true,\"valueName\":\"search_term_string\"}}],\"inLanguage\":\"de\"}]}<\/script>\n<!-- \/ Yoast SEO plugin. -->","yoast_head_json":{"title":"Impressum &#8226; NORMACELL","robots":{"index":"index","follow":"follow","max-snippet":"max-snippet:-1","max-image-preview":"max-image-preview:large","max-video-preview":"max-video-preview:-1"},"canonical":"https:\/\/normacell.com\/de\/impressum\/","og_locale":"de_DE","og_type":"article","og_title":"Impressum &#8226; NORMACELL","og_description":"Vitalis Pharma GmbH Kappelistrasse 41 Herrliberg 8704 Switzerland CHE333.427.845 Haftungshinweis: Trotz sorgf\u00e4ltiger inhaltlicher Kontrolle \u00fcbernehmen wir keine Haftung f\u00fcr die Inhalte externer Links. F\u00fcr den Inhalt der verlinkten Seiten sind ausschlie\u00dflich deren Betreiber verantwortlich.","og_url":"https:\/\/normacell.com\/de\/impressum\/","og_site_name":"NORMACELL","article_modified_time":"2020-03-10T14:52:10+00:00","twitter_card":"summary_large_image","schema":{"@context":"https:\/\/schema.org","@graph":[{"@type":"WebPage","@id":"https:\/\/normacell.com\/de\/impressum\/","url":"https:\/\/normacell.com\/de\/impressum\/","name":"Impressum &#8226; NORMACELL","isPartOf":{"@id":"https:\/\/normacell.com\/de\/#website"},"datePublished":"2018-11-19T13:44:06+00:00","dateModified":"2020-03-10T14:52:10+00:00","breadcrumb":{"@id":"https:\/\/normacell.com\/de\/impressum\/#breadcrumb"},"inLanguage":"de","potentialAction":[{"@type":"ReadAction","target":["https:\/\/normacell.com\/de\/impressum\/"]}]},{"@type":"BreadcrumbList","@id":"https:\/\/normacell.com\/de\/impressum\/#breadcrumb","itemListElement":[{"@type":"ListItem","position":1,"name":"Home","item":"https:\/\/normacell.com\/de\/"},{"@type":"ListItem","position":2,"name":"Impressum"}]},{"@type":"WebSite","@id":"https:\/\/normacell.com\/de\/#website","url":"https:\/\/normacell.com\/de\/","name":"NORMACELL","description":"","potentialAction":[{"@type":"SearchAction","target":{"@type":"EntryPoint","urlTemplate":"https:\/\/normacell.com\/de\/?s={search_term_string}"},"query-input":{"@type":"PropertyValueSpecification","valueRequired":true,"valueName":"search_term_string"}}],"inLanguage":"de"}]}},"builder_content":"<h2>Impressum<\/h2>\n<p>Vitalis Pharma GmbH<br \/> Kappelistrasse 41<br \/> Herrliberg 8704<br \/> Switzerland<br \/> CHE333.427.845<\/p> <p><strong>Haftungshinweis:<\/strong><br \/> Trotz sorgf\u00e4ltiger inhaltlicher Kontrolle \u00fcbernehmen wir keine Haftung f\u00fcr die Inhalte externer Links. F\u00fcr den Inhalt der verlinkten Seiten sind ausschlie\u00dflich deren Betreiber verantwortlich.<\/p>","_links":{"self":[{"href":"https:\/\/normacell.com\/de\/wp-json\/wp\/v2\/pages\/5280","targetHints":{"allow":["GET"]}}],"collection":[{"href":"https:\/\/normacell.com\/de\/wp-json\/wp\/v2\/pages"}],"about":[{"href":"https:\/\/normacell.com\/de\/wp-json\/wp\/v2\/types\/page"}],"author":[{"embeddable":true,"href":"https:\/\/normacell.com\/de\/wp-json\/wp\/v2\/users\/5"}],"replies":[{"embeddable":true,"href":"https:\/\/normacell.com\/de\/wp-json\/wp\/v2\/comments?post=5280"}],"version-history":[{"count":0,"href":"https:\/\/normacell.com\/de\/wp-json\/wp\/v2\/pages\/5280\/revisions"}],"wp:attachment":[{"href":"https:\/\/normacell.com\/de\/wp-json\/wp\/v2\/media?parent=5280"}],"curies":[{"name":"wp","href":"https:\/\/api.w.org\/{rel}","templated":true}]}}