{"id":5275,"date":"2018-11-19T13:39:11","date_gmt":"2018-11-19T13:39:11","guid":{"rendered":"https:\/\/normacell.ch\/?page_id=5275"},"modified":"2020-03-10T14:51:33","modified_gmt":"2020-03-10T14:51:33","slug":"datenschutz","status":"publish","type":"page","link":"https:\/\/normacell.com\/de\/datenschutz\/","title":{"rendered":"Datenschutz"},"content":{"rendered":"<p><\/p>\n<!--themify_builder_content-->\n<div id=\"themify_builder_content-5275\" data-postid=\"5275\" class=\"themify_builder_content themify_builder_content-5275 themify_builder tf_clear\">\n                    <div  data-lazy=\"1\" class=\"module_row themify_builder_row tb_1e12c71 tb_first tf_w\">\n                        <div class=\"row_inner col_align_top tb_col_count_1 tf_box tf_rel\">\n                        <div  data-lazy=\"1\" class=\"module_column tb-column col-full tb_2489046 first\">\n                    <!-- module text -->\n<div  class=\"module module-text tb_w45k555   \" data-lazy=\"1\">\n        <div  class=\"tb_text_wrap\">\n        <h2>Datenschutz<\/h2>\n    <\/div>\n<\/div>\n<!-- \/module text --><!-- module text -->\n<div  class=\"module module-text tb_dd766db  repeat \" data-lazy=\"1\">\n        <div  class=\"tb_text_wrap\">\n        <p><strong>Als Webseitenbetreiber nehmen wir den Schutz Ihrer personenbezogenen Daten sehr ernst. Wir verarbeiten personenbezogene Daten, die beim Besuch unserer Webseiten erhoben werden, unter Beachtung der geltenden datenschutzrechtlichen Bestimmungen. Ihre Daten werden von uns weder ver\u00f6ffentlicht, noch unberechtigt an Dritte weitergegeben.<\/strong><\/p>\n<p>Im Folgenden erl\u00e4utern wir, welche Daten wir w\u00e4hrend Ihres Besuches auf unseren Webseiten erfassen und wie genau diese verwendet werden.<\/p>\n<p><strong>1. Datenerhebung und -verarbeitung bei Zugriffen aus dem Internet<\/strong><br \/>\nWenn Sie unsere Webseiten besuchen, speichert unser Webserver-Dienstleister vor\u00fcbergehend jeden Zugriff in einer Protokolldatei. Folgende Daten werden erfasst und bis zur automatisierten L\u00f6schung gespeichert:<br \/>\n\u2022 IP-Adresse des anfragenden Rechners<br \/>\n\u2022 Datum und Uhrzeit des Zugriffs<br \/>\n\u2022 Name und URL der abgerufenen Datei<br \/>\n\u2022 \u00dcbertragene Datenmenge<br \/>\n\u2022 Meldung, ob der Abruf erfolgreich war<br \/>\n\u2022 Erkennungsdaten des verwendeten Browser- und Betriebssystems<br \/>\n\u2022 Webseite, von der aus der Zugriff erfolgt<\/p>\n<p>Die Verarbeitung dieser Daten erfolgt zum Zweck, die Nutzung der Webseite zu erm\u00f6glichen (Verbindungsaufbau), der Systemsicherheit, der technischen Administration der Netzinfrastruktur sowie zur Optimierung des Internetangebotes mittels der automatisierten Erstellung einer anonymen Statistik. Die IP-Adresse wird nur bei Angriffen auf die Netzinfrastruktur unseres Webservers ausgewertet.<\/p>\n<p>Personenbezogene Nutzerprofile werden nicht erstellt. Das Telemediengesetz (TMG) erlaubt nach \u00a7 15 Abs. 3 TMG die Verwendung von Nutzerprofilen unter einem Pseudonym, sofern der Nutzer dem nicht widerspricht. Sollten wir in unserem Internetangebot von dieser M\u00f6glichkeit Gebrauch machen, werden wir Sie an entsprechender Stelle hier\u00fcber informieren und auf Ihr Widerspruchsrecht hinweisen.<\/p>\n<p>Bei Nutzung des Kontaktformulars sowie des Online-Bestellsystems werden die dort aufgef\u00fchrten Informationen bei unserem Provider aufbereitet, und uns per E-Mail oder durch eine elektronische Schnittstelle sowie ggfs. den Absender \u00fcbermittelt und gespeichert.<\/p>\n<p>\u00dcber die vorstehend genannten F\u00e4lle hinaus werden personenbezogene Daten nicht verarbeitet, es sei denn, Sie willigen ausdr\u00fccklich in eine weitergehende Verarbeitung ein.<\/p>\n<p><strong>2. Nutzung und Weitergabe personenbezogener Daten <\/strong><br \/>\nJegliche Nutzung Ihrer personenbezogenen Daten erfolgt nur zu den genannten Zwecken und in dem zur Erreichung dieser Zwecke erforderlichen Umfang.<\/p>\n<p>\u00dcbermittlungen personenbezogener Daten an staatliche Einrichtungen und Beh\u00f6rden erfolgen nur im Rahmen zwingender nationaler Rechtsvorschriften oder wenn die Weitergabe im Fall von Angriffen auf unsere Netzinfrastruktur zur Rechts- oder Strafverfolgung erforderlich ist. Eine Weitergabe zu anderen Zwecken an Dritte findet nicht statt.<\/p>\n<p><strong>3. Cookies <\/strong><br \/>\nAuf unseren Webseiten verwenden wir zur Bereitstellung und Abwicklung des Online-Shops sog. Cookies. Bei \u201eCookies\u201c handelt es sich um kleine Textdateien, die von einer Website lokal im Speicher Ihres Internet-Browsers auf dem von Ihnen genutzten Rechner abgelegt werden k\u00f6nnen. Cookies erm\u00f6glichen insbesondere die Wiedererkennung des Internet-Browsers.<\/p>\n<p>Ein Cookie speichert die folgenden Daten:<br \/>\n\u2022 Beginn und Ende der Sitzung<br \/>\n\u2022 IP-Adresse des Kunden<br \/>\n\u2022 Datum\/Uhrzeit<br \/>\n\u2022 Der vom Browser \u00fcbermittelte User-Agent-String<br \/>\n\u2022 Die w\u00e4hrend der Sitzung besuchten Seiten<br \/>\n\u2022 Welche Artikel in den Warenkorb gelegt wurden<br \/>\n\u2022 Welche Artikel aus dem Warenkorb entfernt wurden<br \/>\n\u2022 Welche Artikel im Rahmen der Cross-Selling-Funktion angezeigt wurden<br \/>\n\u2022 Suchbegriffe<\/p>\n<p>Personenbezogene Daten, wie zum Beispiel Name, Adresse und Zahlungsart, werden hierbei nicht gespeichert. Eine Sitzung l\u00e4uft nach 30 Minuten Inaktivit\u00e4t ab. Nach 24 Stunden wird das Cookie endg\u00fcltig vom Rechner gel\u00f6scht.<br \/>\nDie Cookies unserer Website erheben keine pers\u00f6nlichen Daten \u00fcber Sie oder Ihre Nutzung. Einmal gesetzte Cookies k\u00f6nnen Sie in den meisten Webbrowsern jederzeit selbst l\u00f6schen, indem Sie den entsprechenden Men\u00fcpunkt in Ihrem Internet-Browser aufrufen oder die Cookies auf Ihrer Festplatte l\u00f6schen. Einzelheiten hierzu finden Sie im Hilfemen\u00fc Ihres Internet-Browsers.<\/p>\n<p><strong>3. Links zu Webseiten anderer Anbieter <\/strong><br \/>\nUnsere Webseiten k\u00f6nnen Links zu Webseiten anderer Anbieter enthalten. Wir weisen darauf hin, dass diese Datenschutzerkl\u00e4rung ausschlie\u00dflich f\u00fcr unsere Webseiten gilt. Wir haben keinen Einfluss darauf und kontrollieren nicht, dass andere Anbieter die geltenden Datenschutzbestimmungen einhalten.<\/p>\n<p><strong>4. Auskunftsrecht und Kontaktdaten<\/strong><br \/>\nIhnen steht ein Auskunftsrecht bez\u00fcglich der \u00fcber Sie gespeicherten personenbezogenen Daten und ferner ein Recht auf Berichtigung unrichtiger Daten, Sperrung und L\u00f6schung zu.<br \/>\nWenn Sie Auskunft \u00fcber Ihre personenbezogenen Daten beziehungsweise deren Korrektur oder L\u00f6schung w\u00fcnschen oder weitergehende Fragen \u00fcber die Verwendung Ihrer uns \u00fcberlassenen personenbezogenen Daten haben, kontaktieren Sie bitte. Unsere Kontaktdaten finden Sie im Impressum.<br \/>\nSollten Sie mit uns per E-Mail in Kontakt treten wollen, weisen wir darauf hin, dass der Inhalt unverschl\u00fcsselter E-Mails von Dritten eingesehen werden kann. Wir empfehlen daher, vertrauliche Informationen verschl\u00fcsselt oder \u00fcber den Postweg zuzusenden.<\/p>\n<p><strong>5. Einbeziehung, G\u00fcltigkeit und Aktualit\u00e4t der Datenschutzerkl\u00e4rung <\/strong><br \/>\nDie Datenschutzerkl\u00e4rung ist aktuell g\u00fcltig und datiert vom 27.09.2018<br \/>\nDurch die Weiterentwicklung unserer Webseite oder die Implementierung neuer Technologien kann es notwendig werden, diese Datenschutzerkl\u00e4rung zu \u00e4ndern. Wir behalten uns vor, die Datenschutzerkl\u00e4rung mit Wirkung f\u00fcr die Zukunft zu \u00e4ndern. Wir empfehlen Ihnen, sich die aktuelle Datenschutzerkl\u00e4rung von Zeit zu Zeit erneut durchzulesen.<\/p>\n    <\/div>\n<\/div>\n<!-- \/module text -->        <\/div>\n                        <\/div>\n        <\/div>\n        <\/div>\n<!--\/themify_builder_content-->","protected":false},"excerpt":{"rendered":"<p>Als Webseitenbetreiber nehmen wir den Schutz Ihrer personenbezogenen Daten sehr ernst. Wir verarbeiten personenbezogene Daten, die beim Besuch unserer Webseiten erhoben werden, unter Beachtung der geltenden datenschutzrechtlichen Bestimmungen. Ihre Daten werden von uns weder ver\u00f6ffentlicht, noch unberechtigt an Dritte weitergegeben. Im Folgenden erl\u00e4utern wir, welche Daten wir w\u00e4hrend Ihres Besuches auf unseren Webseiten erfassen und [&hellip;]<\/p>\n","protected":false},"author":5,"featured_media":0,"parent":0,"menu_order":0,"comment_status":"closed","ping_status":"closed","template":"","meta":{"footnotes":""},"class_list":["post-5275","page","type-page","status-publish","hentry","has-post-title","has-post-date","has-post-category","has-post-tag","has-post-comment","has-post-author",""],"yoast_head":"<!-- This site is optimized with the Yoast SEO plugin v27.4 - https:\/\/yoast.com\/product\/yoast-seo-wordpress\/ -->\n<title>Datenschutz &#8226; NORMACELL<\/title>\n<meta name=\"robots\" content=\"index, follow, max-snippet:-1, max-image-preview:large, max-video-preview:-1\" \/>\n<link rel=\"canonical\" href=\"https:\/\/normacell.com\/de\/datenschutz\/\" \/>\n<meta property=\"og:locale\" content=\"de_DE\" \/>\n<meta property=\"og:type\" content=\"article\" \/>\n<meta property=\"og:title\" content=\"Datenschutz &#8226; NORMACELL\" \/>\n<meta property=\"og:description\" content=\"Als Webseitenbetreiber nehmen wir den Schutz Ihrer personenbezogenen Daten sehr ernst. Wir verarbeiten personenbezogene Daten, die beim Besuch unserer Webseiten erhoben werden, unter Beachtung der geltenden datenschutzrechtlichen Bestimmungen. Ihre Daten werden von uns weder ver\u00f6ffentlicht, noch unberechtigt an Dritte weitergegeben. Im Folgenden erl\u00e4utern wir, welche Daten wir w\u00e4hrend Ihres Besuches auf unseren Webseiten erfassen und [&hellip;]\" \/>\n<meta property=\"og:url\" content=\"https:\/\/normacell.com\/de\/datenschutz\/\" \/>\n<meta property=\"og:site_name\" content=\"NORMACELL\" \/>\n<meta property=\"article:modified_time\" content=\"2020-03-10T14:51:33+00:00\" \/>\n<meta name=\"twitter:card\" content=\"summary_large_image\" \/>\n<meta name=\"twitter:label1\" content=\"Gesch\u00e4tzte Lesezeit\" \/>\n\t<meta name=\"twitter:data1\" content=\"4\u00a0Minuten\" \/>\n<script type=\"application\/ld+json\" class=\"yoast-schema-graph\">{\"@context\":\"https:\\\/\\\/schema.org\",\"@graph\":[{\"@type\":\"WebPage\",\"@id\":\"https:\\\/\\\/normacell.com\\\/de\\\/datenschutz\\\/\",\"url\":\"https:\\\/\\\/normacell.com\\\/de\\\/datenschutz\\\/\",\"name\":\"Datenschutz &#8226; NORMACELL\",\"isPartOf\":{\"@id\":\"https:\\\/\\\/normacell.com\\\/de\\\/#website\"},\"datePublished\":\"2018-11-19T13:39:11+00:00\",\"dateModified\":\"2020-03-10T14:51:33+00:00\",\"breadcrumb\":{\"@id\":\"https:\\\/\\\/normacell.com\\\/de\\\/datenschutz\\\/#breadcrumb\"},\"inLanguage\":\"de\",\"potentialAction\":[{\"@type\":\"ReadAction\",\"target\":[\"https:\\\/\\\/normacell.com\\\/de\\\/datenschutz\\\/\"]}]},{\"@type\":\"BreadcrumbList\",\"@id\":\"https:\\\/\\\/normacell.com\\\/de\\\/datenschutz\\\/#breadcrumb\",\"itemListElement\":[{\"@type\":\"ListItem\",\"position\":1,\"name\":\"Home\",\"item\":\"https:\\\/\\\/normacell.com\\\/de\\\/\"},{\"@type\":\"ListItem\",\"position\":2,\"name\":\"Datenschutz\"}]},{\"@type\":\"WebSite\",\"@id\":\"https:\\\/\\\/normacell.com\\\/de\\\/#website\",\"url\":\"https:\\\/\\\/normacell.com\\\/de\\\/\",\"name\":\"NORMACELL\",\"description\":\"\",\"potentialAction\":[{\"@type\":\"SearchAction\",\"target\":{\"@type\":\"EntryPoint\",\"urlTemplate\":\"https:\\\/\\\/normacell.com\\\/de\\\/?s={search_term_string}\"},\"query-input\":{\"@type\":\"PropertyValueSpecification\",\"valueRequired\":true,\"valueName\":\"search_term_string\"}}],\"inLanguage\":\"de\"}]}<\/script>\n<!-- \/ Yoast SEO plugin. -->","yoast_head_json":{"title":"Datenschutz &#8226; NORMACELL","robots":{"index":"index","follow":"follow","max-snippet":"max-snippet:-1","max-image-preview":"max-image-preview:large","max-video-preview":"max-video-preview:-1"},"canonical":"https:\/\/normacell.com\/de\/datenschutz\/","og_locale":"de_DE","og_type":"article","og_title":"Datenschutz &#8226; NORMACELL","og_description":"Als Webseitenbetreiber nehmen wir den Schutz Ihrer personenbezogenen Daten sehr ernst. Wir verarbeiten personenbezogene Daten, die beim Besuch unserer Webseiten erhoben werden, unter Beachtung der geltenden datenschutzrechtlichen Bestimmungen. Ihre Daten werden von uns weder ver\u00f6ffentlicht, noch unberechtigt an Dritte weitergegeben. Im Folgenden erl\u00e4utern wir, welche Daten wir w\u00e4hrend Ihres Besuches auf unseren Webseiten erfassen und [&hellip;]","og_url":"https:\/\/normacell.com\/de\/datenschutz\/","og_site_name":"NORMACELL","article_modified_time":"2020-03-10T14:51:33+00:00","twitter_card":"summary_large_image","twitter_misc":{"Gesch\u00e4tzte Lesezeit":"4\u00a0Minuten"},"schema":{"@context":"https:\/\/schema.org","@graph":[{"@type":"WebPage","@id":"https:\/\/normacell.com\/de\/datenschutz\/","url":"https:\/\/normacell.com\/de\/datenschutz\/","name":"Datenschutz &#8226; NORMACELL","isPartOf":{"@id":"https:\/\/normacell.com\/de\/#website"},"datePublished":"2018-11-19T13:39:11+00:00","dateModified":"2020-03-10T14:51:33+00:00","breadcrumb":{"@id":"https:\/\/normacell.com\/de\/datenschutz\/#breadcrumb"},"inLanguage":"de","potentialAction":[{"@type":"ReadAction","target":["https:\/\/normacell.com\/de\/datenschutz\/"]}]},{"@type":"BreadcrumbList","@id":"https:\/\/normacell.com\/de\/datenschutz\/#breadcrumb","itemListElement":[{"@type":"ListItem","position":1,"name":"Home","item":"https:\/\/normacell.com\/de\/"},{"@type":"ListItem","position":2,"name":"Datenschutz"}]},{"@type":"WebSite","@id":"https:\/\/normacell.com\/de\/#website","url":"https:\/\/normacell.com\/de\/","name":"NORMACELL","description":"","potentialAction":[{"@type":"SearchAction","target":{"@type":"EntryPoint","urlTemplate":"https:\/\/normacell.com\/de\/?s={search_term_string}"},"query-input":{"@type":"PropertyValueSpecification","valueRequired":true,"valueName":"search_term_string"}}],"inLanguage":"de"}]}},"builder_content":"<h2>Datenschutz<\/h2>\n<p><strong>Als Webseitenbetreiber nehmen wir den Schutz Ihrer personenbezogenen Daten sehr ernst. Wir verarbeiten personenbezogene Daten, die beim Besuch unserer Webseiten erhoben werden, unter Beachtung der geltenden datenschutzrechtlichen Bestimmungen. Ihre Daten werden von uns weder ver\u00f6ffentlicht, noch unberechtigt an Dritte weitergegeben.<\/strong><\/p> <p>Im Folgenden erl\u00e4utern wir, welche Daten wir w\u00e4hrend Ihres Besuches auf unseren Webseiten erfassen und wie genau diese verwendet werden.<\/p> <p><strong>1. Datenerhebung und -verarbeitung bei Zugriffen aus dem Internet<\/strong><br \/> Wenn Sie unsere Webseiten besuchen, speichert unser Webserver-Dienstleister vor\u00fcbergehend jeden Zugriff in einer Protokolldatei. Folgende Daten werden erfasst und bis zur automatisierten L\u00f6schung gespeichert:<br \/> \u2022 IP-Adresse des anfragenden Rechners<br \/> \u2022 Datum und Uhrzeit des Zugriffs<br \/> \u2022 Name und URL der abgerufenen Datei<br \/> \u2022 \u00dcbertragene Datenmenge<br \/> \u2022 Meldung, ob der Abruf erfolgreich war<br \/> \u2022 Erkennungsdaten des verwendeten Browser- und Betriebssystems<br \/> \u2022 Webseite, von der aus der Zugriff erfolgt<\/p> <p>Die Verarbeitung dieser Daten erfolgt zum Zweck, die Nutzung der Webseite zu erm\u00f6glichen (Verbindungsaufbau), der Systemsicherheit, der technischen Administration der Netzinfrastruktur sowie zur Optimierung des Internetangebotes mittels der automatisierten Erstellung einer anonymen Statistik. Die IP-Adresse wird nur bei Angriffen auf die Netzinfrastruktur unseres Webservers ausgewertet.<\/p> <p>Personenbezogene Nutzerprofile werden nicht erstellt. Das Telemediengesetz (TMG) erlaubt nach \u00a7 15 Abs. 3 TMG die Verwendung von Nutzerprofilen unter einem Pseudonym, sofern der Nutzer dem nicht widerspricht. Sollten wir in unserem Internetangebot von dieser M\u00f6glichkeit Gebrauch machen, werden wir Sie an entsprechender Stelle hier\u00fcber informieren und auf Ihr Widerspruchsrecht hinweisen.<\/p> <p>Bei Nutzung des Kontaktformulars sowie des Online-Bestellsystems werden die dort aufgef\u00fchrten Informationen bei unserem Provider aufbereitet, und uns per E-Mail oder durch eine elektronische Schnittstelle sowie ggfs. den Absender \u00fcbermittelt und gespeichert.<\/p> <p>\u00dcber die vorstehend genannten F\u00e4lle hinaus werden personenbezogene Daten nicht verarbeitet, es sei denn, Sie willigen ausdr\u00fccklich in eine weitergehende Verarbeitung ein.<\/p> <p><strong>2. Nutzung und Weitergabe personenbezogener Daten <\/strong><br \/> Jegliche Nutzung Ihrer personenbezogenen Daten erfolgt nur zu den genannten Zwecken und in dem zur Erreichung dieser Zwecke erforderlichen Umfang.<\/p> <p>\u00dcbermittlungen personenbezogener Daten an staatliche Einrichtungen und Beh\u00f6rden erfolgen nur im Rahmen zwingender nationaler Rechtsvorschriften oder wenn die Weitergabe im Fall von Angriffen auf unsere Netzinfrastruktur zur Rechts- oder Strafverfolgung erforderlich ist. Eine Weitergabe zu anderen Zwecken an Dritte findet nicht statt.<\/p> <p><strong>3. Cookies <\/strong><br \/> Auf unseren Webseiten verwenden wir zur Bereitstellung und Abwicklung des Online-Shops sog. Cookies. Bei \u201eCookies\u201c handelt es sich um kleine Textdateien, die von einer Website lokal im Speicher Ihres Internet-Browsers auf dem von Ihnen genutzten Rechner abgelegt werden k\u00f6nnen. Cookies erm\u00f6glichen insbesondere die Wiedererkennung des Internet-Browsers.<\/p> <p>Ein Cookie speichert die folgenden Daten:<br \/> \u2022 Beginn und Ende der Sitzung<br \/> \u2022 IP-Adresse des Kunden<br \/> \u2022 Datum\/Uhrzeit<br \/> \u2022 Der vom Browser \u00fcbermittelte User-Agent-String<br \/> \u2022 Die w\u00e4hrend der Sitzung besuchten Seiten<br \/> \u2022 Welche Artikel in den Warenkorb gelegt wurden<br \/> \u2022 Welche Artikel aus dem Warenkorb entfernt wurden<br \/> \u2022 Welche Artikel im Rahmen der Cross-Selling-Funktion angezeigt wurden<br \/> \u2022 Suchbegriffe<\/p> <p>Personenbezogene Daten, wie zum Beispiel Name, Adresse und Zahlungsart, werden hierbei nicht gespeichert. Eine Sitzung l\u00e4uft nach 30 Minuten Inaktivit\u00e4t ab. Nach 24 Stunden wird das Cookie endg\u00fcltig vom Rechner gel\u00f6scht.<br \/> Die Cookies unserer Website erheben keine pers\u00f6nlichen Daten \u00fcber Sie oder Ihre Nutzung. Einmal gesetzte Cookies k\u00f6nnen Sie in den meisten Webbrowsern jederzeit selbst l\u00f6schen, indem Sie den entsprechenden Men\u00fcpunkt in Ihrem Internet-Browser aufrufen oder die Cookies auf Ihrer Festplatte l\u00f6schen. Einzelheiten hierzu finden Sie im Hilfemen\u00fc Ihres Internet-Browsers.<\/p> <p><strong>3. Links zu Webseiten anderer Anbieter <\/strong><br \/> Unsere Webseiten k\u00f6nnen Links zu Webseiten anderer Anbieter enthalten. Wir weisen darauf hin, dass diese Datenschutzerkl\u00e4rung ausschlie\u00dflich f\u00fcr unsere Webseiten gilt. Wir haben keinen Einfluss darauf und kontrollieren nicht, dass andere Anbieter die geltenden Datenschutzbestimmungen einhalten.<\/p> <p><strong>4. Auskunftsrecht und Kontaktdaten<\/strong><br \/> Ihnen steht ein Auskunftsrecht bez\u00fcglich der \u00fcber Sie gespeicherten personenbezogenen Daten und ferner ein Recht auf Berichtigung unrichtiger Daten, Sperrung und L\u00f6schung zu.<br \/> Wenn Sie Auskunft \u00fcber Ihre personenbezogenen Daten beziehungsweise deren Korrektur oder L\u00f6schung w\u00fcnschen oder weitergehende Fragen \u00fcber die Verwendung Ihrer uns \u00fcberlassenen personenbezogenen Daten haben, kontaktieren Sie bitte. Unsere Kontaktdaten finden Sie im Impressum.<br \/> Sollten Sie mit uns per E-Mail in Kontakt treten wollen, weisen wir darauf hin, dass der Inhalt unverschl\u00fcsselter E-Mails von Dritten eingesehen werden kann. Wir empfehlen daher, vertrauliche Informationen verschl\u00fcsselt oder \u00fcber den Postweg zuzusenden.<\/p> <p><strong>5. Einbeziehung, G\u00fcltigkeit und Aktualit\u00e4t der Datenschutzerkl\u00e4rung <\/strong><br \/> Die Datenschutzerkl\u00e4rung ist aktuell g\u00fcltig und datiert vom 27.09.2018<br \/> Durch die Weiterentwicklung unserer Webseite oder die Implementierung neuer Technologien kann es notwendig werden, diese Datenschutzerkl\u00e4rung zu \u00e4ndern. Wir behalten uns vor, die Datenschutzerkl\u00e4rung mit Wirkung f\u00fcr die Zukunft zu \u00e4ndern. Wir empfehlen Ihnen, sich die aktuelle Datenschutzerkl\u00e4rung von Zeit zu Zeit erneut durchzulesen.<\/p>","_links":{"self":[{"href":"https:\/\/normacell.com\/de\/wp-json\/wp\/v2\/pages\/5275","targetHints":{"allow":["GET"]}}],"collection":[{"href":"https:\/\/normacell.com\/de\/wp-json\/wp\/v2\/pages"}],"about":[{"href":"https:\/\/normacell.com\/de\/wp-json\/wp\/v2\/types\/page"}],"author":[{"embeddable":true,"href":"https:\/\/normacell.com\/de\/wp-json\/wp\/v2\/users\/5"}],"replies":[{"embeddable":true,"href":"https:\/\/normacell.com\/de\/wp-json\/wp\/v2\/comments?post=5275"}],"version-history":[{"count":0,"href":"https:\/\/normacell.com\/de\/wp-json\/wp\/v2\/pages\/5275\/revisions"}],"wp:attachment":[{"href":"https:\/\/normacell.com\/de\/wp-json\/wp\/v2\/media?parent=5275"}],"curies":[{"name":"wp","href":"https:\/\/api.w.org\/{rel}","templated":true}]}}